{"id":29052,"date":"2026-02-10T19:54:41","date_gmt":"2026-02-10T18:54:41","guid":{"rendered":"https:\/\/poscielehotelowe.arturhunia.pl\/?page_id=29052"},"modified":"2026-03-04T19:43:36","modified_gmt":"2026-03-04T18:43:36","slug":"wspolpraca-b2b","status":"publish","type":"page","link":"https:\/\/poscielehotelowe.arturhunia.pl\/en\/wspolpraca-b2b\/","title":{"rendered":"Wsp\u00f3\u0142praca B2B"},"content":{"rendered":"<div data-elementor-type=\"wp-page\" data-elementor-id=\"29052\" class=\"elementor elementor-29052\" data-elementor-settings=\"{&quot;ha_cmc_init_switcher&quot;:&quot;no&quot;}\">\n\t\t\t\t<div class=\"wd-negative-gap elementor-element elementor-element-15d17ff e-flex e-con-boxed e-con e-parent\" data-id=\"15d17ff\" data-element_type=\"container\" data-e-type=\"container\" data-settings=\"{&quot;_ha_eqh_enable&quot;:false}\">\n\t\t\t\t\t<div class=\"e-con-inner\">\n\t\t\t\t<div class=\"elementor-element elementor-element-ae8b632 wd-page-title-el elementor-widget elementor-widget-wd_page_title\" data-id=\"ae8b632\" data-element_type=\"widget\" data-e-type=\"widget\" data-widget_type=\"wd_page_title.default\">\n\t\t\t\t<div class=\"elementor-widget-container\">\n\t\t\t\t\t\t\t\t\t<div class=\"wd-page-title page-title  page-title-default title-size-default title-design-centered wd-section-stretch color-scheme-light\" style=\"\">\n\t\t\t\t\t<div class=\"wd-page-title-bg wd-fill\">\n\t\t\t\t\t\t<img loading=\"lazy\" decoding=\"async\" width=\"1600\" height=\"1063\" src=\"https:\/\/poscielehotelowe.arturhunia.pl\/wp-content\/uploads\/2026\/02\/coalcjei7py.jpg\" class=\"attachment-full size-full\" alt=\"\" srcset=\"https:\/\/poscielehotelowe.arturhunia.pl\/wp-content\/uploads\/2026\/02\/coalcjei7py.jpg 1600w, https:\/\/poscielehotelowe.arturhunia.pl\/wp-content\/uploads\/2026\/02\/coalcjei7py-400x266.jpg 400w, https:\/\/poscielehotelowe.arturhunia.pl\/wp-content\/uploads\/2026\/02\/coalcjei7py-1204x800.jpg 1204w, https:\/\/poscielehotelowe.arturhunia.pl\/wp-content\/uploads\/2026\/02\/coalcjei7py-768x510.jpg 768w, https:\/\/poscielehotelowe.arturhunia.pl\/wp-content\/uploads\/2026\/02\/coalcjei7py-1536x1020.jpg 1536w, https:\/\/poscielehotelowe.arturhunia.pl\/wp-content\/uploads\/2026\/02\/coalcjei7py-18x12.jpg 18w, https:\/\/poscielehotelowe.arturhunia.pl\/wp-content\/uploads\/2026\/02\/coalcjei7py-430x286.jpg 430w, https:\/\/poscielehotelowe.arturhunia.pl\/wp-content\/uploads\/2026\/02\/coalcjei7py-700x465.jpg 700w, https:\/\/poscielehotelowe.arturhunia.pl\/wp-content\/uploads\/2026\/02\/coalcjei7py-150x100.jpg 150w\" sizes=\"auto, (max-width: 1600px) 100vw, 1600px\" \/>\t\t\t\t\t<\/div>\n\t\t\t\t\t<div class=\"container\">\n\t\t\t\t\t\t\t\t\t\t\t\t\t\t\t\t\t\t\t\t\t<h1 class=\"entry-title title\">\n\t\t\t\t\t\t\t\t\tWsp\u00f3\u0142praca B2B\t\t\t\t\t\t\t\t<\/h1>\n\n\t\t\t\t\t\t\t\t\t\t\t\t\t\t\t\n\t\t\t\t\t\t\t\t\t\t\t\t\t\t\t<nav class=\"wd-breadcrumbs\"><a href=\"https:\/\/poscielehotelowe.arturhunia.pl\/en\/\">Home<\/a><span class=\"wd-delimiter\"><\/span><span class=\"wd-last\">Page<\/span><\/nav>\t\t\t\t\t\t\t\t\t\t\t\t\t\t\t\t\t\t<\/div>\n\t\t\t\t<\/div>\n\t\t\t\t\t\t\t<\/div>\n\t\t\t\t<\/div>\n\t\t\t\t\t<\/div>\n\t\t\t\t<\/div>\n\t\t<div class=\"wd-negative-gap elementor-element elementor-element-5e2f427d e-flex e-con-boxed e-con e-parent\" data-id=\"5e2f427d\" data-element_type=\"container\" data-e-type=\"container\" data-settings=\"{&quot;_ha_eqh_enable&quot;:false}\">\n\t\t\t\t\t<div class=\"e-con-inner\">\n\t\t<div class=\"elementor-element elementor-element-46e434f3 e-con-full e-flex e-con e-child\" data-id=\"46e434f3\" data-element_type=\"container\" data-e-type=\"container\" data-settings=\"{&quot;background_background&quot;:&quot;classic&quot;,&quot;_ha_eqh_enable&quot;:false}\">\n\t\t\t\t<div class=\"elementor-element elementor-element-387dd097 wd-width-100 elementor-invisible elementor-widget elementor-widget-wd_title\" data-id=\"387dd097\" data-element_type=\"widget\" data-e-type=\"widget\" data-settings=\"{&quot;_animation&quot;:&quot;fadeInDown&quot;}\" data-widget_type=\"wd_title.default\">\n\t\t\t\t<div class=\"elementor-widget-container\">\n\t\t\t\t\t\t\t<div class=\"title-wrapper wd-set-mb reset-last-child wd-title-color-black wd-title-style-default wd-title-size-default text-left\">\n\n\t\t\t\n\t\t\t<div class=\"liner-continer\">\n\t\t\t\t<h4 class=\"woodmart-title-container title wd-fontsize-l\">Od lat wsp\u00f3\u0142pracujemy z obiektami noclegowymi w ca\u0142ej Polsce.<\/h4> \n\t\t\t\t\t\t\t<\/div>\n\n\t\t\t\t\t<\/div>\n\t\t\t\t\t\t<\/div>\n\t\t\t\t<\/div>\n\t\t\t\t<div class=\"elementor-element elementor-element-660a9048 elementor-invisible elementor-widget elementor-widget-wd_text_block\" data-id=\"660a9048\" data-element_type=\"widget\" data-e-type=\"widget\" data-settings=\"{&quot;_animation&quot;:&quot;fadeIn&quot;}\" data-widget_type=\"wd_text_block.default\">\n\t\t\t\t<div class=\"elementor-widget-container\">\n\t\t\t\t\t\t\t<div class=\"wd-text-block reset-last-child text-left\">\n\t\t\t\n\t\t\t<p data-start=\"2204\" data-end=\"2391\">Od lat wsp\u00f3\u0142pracujemy z obiektami noclegowymi w ca\u0142ej Polsce.<br data-start=\"2265\" data-end=\"2268\" \/>Dostarczamy produkty, kt\u00f3re spe\u0142niaj\u0105 standardy hotelowe i gwarantuj\u0105\u00a0<strong data-start=\"2338\" data-end=\"2388\">komfort go\u015bci oraz oszcz\u0119dno\u015b\u0107 dla w\u0142a\u015bcicieli<\/strong>.<\/p><ul><li data-start=\"2393\" data-end=\"2489\">Certyfikaty jako\u015bci<\/li><li data-start=\"2393\" data-end=\"2489\">Sprawdzone rozwi\u0105zania dla hoteli<\/li><li data-start=\"2393\" data-end=\"2489\">Setki zadowolonych klient\u00f3w<\/li><\/ul>\n\t\t\t\t\t<\/div>\n\t\t\t\t\t\t<\/div>\n\t\t\t\t<\/div>\n\t\t<div class=\"elementor-element elementor-element-17884636 e-con-full e-flex e-con e-child\" data-id=\"17884636\" data-element_type=\"container\" data-e-type=\"container\" data-settings=\"{&quot;_ha_eqh_enable&quot;:false}\">\n\t\t\t\t<div class=\"elementor-element elementor-element-66008fb3 elementor-invisible elementor-widget elementor-widget-wd_button\" data-id=\"66008fb3\" data-element_type=\"widget\" data-e-type=\"widget\" data-settings=\"{&quot;_animation&quot;:&quot;fadeInUp&quot;}\" data-widget_type=\"wd_button.default\">\n\t\t\t\t<div class=\"elementor-widget-container\">\n\t\t\t\t\t\t\t<div class=\"wd-button-wrapper text-left\" >\n\t\t\t<a class=\"btn btn-style-default btn-shape-rectangle btn-size-default btn-color-primary btn-icon-pos-right\"  href=\"https:\/\/poscielehotelowe.arturhunia.pl\/en\/o-nas\/\">\n\t\t\t\t<span class=\"wd-btn-text\" data-elementor-setting-key=\"text\">\n\t\t\t\t\tO nas\t\t\t\t<\/span>\n\n\t\t\t\t\t\t\t<\/a>\n\t\t<\/div>\n\t\t\t\t\t\t<\/div>\n\t\t\t\t<\/div>\n\t\t\t\t<\/div>\n\t\t\t\t<\/div>\n\t\t<div class=\"elementor-element elementor-element-27c9a696 e-con-full e-flex e-con e-child\" data-id=\"27c9a696\" data-element_type=\"container\" data-e-type=\"container\" data-settings=\"{&quot;_ha_eqh_enable&quot;:false}\">\n\t\t\t\t<div class=\"elementor-element elementor-element-1eba48f5 elementor-invisible elementor-widget elementor-widget-image\" data-id=\"1eba48f5\" data-element_type=\"widget\" data-e-type=\"widget\" data-settings=\"{&quot;_animation&quot;:&quot;fadeIn&quot;}\" data-widget_type=\"image.default\">\n\t\t\t\t\t\t\t\t\t\t\t\t\t\t\t<img loading=\"lazy\" decoding=\"async\" width=\"400\" height=\"267\" src=\"https:\/\/poscielehotelowe.arturhunia.pl\/wp-content\/uploads\/2026\/03\/thumb_1756108194Po_ciel_hotelowa_bia_a_1-jpeg.webp\" class=\"attachment-large size-large wp-image-29742\" alt=\"\" srcset=\"https:\/\/poscielehotelowe.arturhunia.pl\/wp-content\/uploads\/2026\/03\/thumb_1756108194Po_ciel_hotelowa_bia_a_1-jpeg.webp 400w, https:\/\/poscielehotelowe.arturhunia.pl\/wp-content\/uploads\/2026\/03\/thumb_1756108194Po_ciel_hotelowa_bia_a_1-jpeg-18x12.webp 18w, https:\/\/poscielehotelowe.arturhunia.pl\/wp-content\/uploads\/2026\/03\/thumb_1756108194Po_ciel_hotelowa_bia_a_1-jpeg-150x100.webp 150w\" sizes=\"auto, (max-width: 400px) 100vw, 400px\" \/>\t\t\t\t\t\t\t\t\t\t\t\t\t\t\t<\/div>\n\t\t\t\t<\/div>\n\t\t\t\t\t<\/div>\n\t\t\t\t<\/div>\n\t\t<div class=\"wd-negative-gap elementor-element elementor-element-8bac2e5 wd-section-stretch e-flex e-con-boxed e-con e-parent\" data-id=\"8bac2e5\" data-element_type=\"container\" data-e-type=\"container\" data-settings=\"{&quot;background_background&quot;:&quot;classic&quot;,&quot;_ha_eqh_enable&quot;:false}\">\n\t\t\t\t\t<div class=\"e-con-inner\">\n\t\t<div class=\"elementor-element elementor-element-5cbf5de e-con-full e-flex e-con e-child\" data-id=\"5cbf5de\" data-element_type=\"container\" data-e-type=\"container\" data-settings=\"{&quot;background_background&quot;:&quot;classic&quot;,&quot;_ha_eqh_enable&quot;:false}\">\n\t\t\t\t<div class=\"elementor-element elementor-element-8577671 wd-width-100 elementor-invisible elementor-widget elementor-widget-wd_title\" data-id=\"8577671\" data-element_type=\"widget\" data-e-type=\"widget\" data-settings=\"{&quot;_animation&quot;:&quot;fadeInDown&quot;}\" data-widget_type=\"wd_title.default\">\n\t\t\t\t<div class=\"elementor-widget-container\">\n\t\t\t\t\t\t\t<div class=\"title-wrapper wd-set-mb reset-last-child wd-title-color-black wd-title-style-default wd-title-size-default text-left\">\n\n\t\t\t\n\t\t\t<div class=\"liner-continer\">\n\t\t\t\t<h4 class=\"woodmart-title-container title wd-fontsize-l\">Tw\u00f3j partner w wyposa\u017ceniu obiekt\u00f3w noclegowych<\/h4> \n\t\t\t\t\t\t\t<\/div>\n\n\t\t\t\t\t<\/div>\n\t\t\t\t\t\t<\/div>\n\t\t\t\t<\/div>\n\t\t\t\t<div class=\"elementor-element elementor-element-4ebbadc elementor-invisible elementor-widget elementor-widget-wd_text_block\" data-id=\"4ebbadc\" data-element_type=\"widget\" data-e-type=\"widget\" data-settings=\"{&quot;_animation&quot;:&quot;fadeIn&quot;}\" data-widget_type=\"wd_text_block.default\">\n\t\t\t\t<div class=\"elementor-widget-container\">\n\t\t\t\t\t\t\t<div class=\"wd-text-block reset-last-child text-left\">\n\t\t\t\n\t\t\t<p data-start=\"2992\" data-end=\"3145\">Polski producent tekstyli\u00f3w hotelowych dzia\u0142aj\u0105cy w bran\u017cy tekstylnej od 1994r.<br data-start=\"3031\" data-end=\"3034\" \/>Zapewniamy niezawodne produkty, korzystne warunki wsp\u00f3\u0142pracy i sta\u0142e wsparcie w zaopatrzeniu Twojego obiektu.<\/p><p data-start=\"3147\" data-end=\"3209\">\ud83d\udc49 Skontaktuj si\u0119 z nami ju\u017c dzi\u015b i postaw na polsk\u0105 jako\u015b\u0107!<\/p>\n\t\t\t\t\t<\/div>\n\t\t\t\t\t\t<\/div>\n\t\t\t\t<\/div>\n\t\t<div class=\"elementor-element elementor-element-9f207b4 e-con-full e-flex e-con e-child\" data-id=\"9f207b4\" data-element_type=\"container\" data-e-type=\"container\" data-settings=\"{&quot;_ha_eqh_enable&quot;:false}\">\n\t\t\t\t<div class=\"elementor-element elementor-element-f372223 elementor-invisible elementor-widget elementor-widget-wd_button\" data-id=\"f372223\" data-element_type=\"widget\" data-e-type=\"widget\" data-settings=\"{&quot;_animation&quot;:&quot;fadeInUp&quot;}\" data-widget_type=\"wd_button.default\">\n\t\t\t\t<div class=\"elementor-widget-container\">\n\t\t\t\t\t\t\t<div class=\"wd-button-wrapper text-left\" >\n\t\t\t<a class=\"btn btn-style-default btn-shape-rectangle btn-size-default btn-color-primary btn-icon-pos-right\"  href=\"https:\/\/poscielehotelowe.arturhunia.pl\/en\/kontakt\/\">\n\t\t\t\t<span class=\"wd-btn-text\" data-elementor-setting-key=\"text\">\n\t\t\t\t\tKontakt\t\t\t\t<\/span>\n\n\t\t\t\t\t\t\t<\/a>\n\t\t<\/div>\n\t\t\t\t\t\t<\/div>\n\t\t\t\t<\/div>\n\t\t\t\t<\/div>\n\t\t\t\t<\/div>\n\t\t<div class=\"elementor-element elementor-element-54bb55f e-con-full e-flex e-con e-child\" data-id=\"54bb55f\" data-element_type=\"container\" data-e-type=\"container\" data-settings=\"{&quot;_ha_eqh_enable&quot;:false}\">\n\t\t\t\t<div class=\"elementor-element elementor-element-fa0e555 elementor-invisible elementor-widget elementor-widget-image\" data-id=\"fa0e555\" data-element_type=\"widget\" data-e-type=\"widget\" data-settings=\"{&quot;_animation&quot;:&quot;fadeIn&quot;}\" data-widget_type=\"image.default\">\n\t\t\t\t\t\t\t\t\t\t\t\t\t\t\t<img loading=\"lazy\" decoding=\"async\" width=\"400\" height=\"267\" src=\"https:\/\/poscielehotelowe.arturhunia.pl\/wp-content\/uploads\/2026\/03\/thumb_1756108179Po_ciel_hotelowa_ADAMASZEK_4-jpeg.webp\" class=\"attachment-large size-large wp-image-29741\" alt=\"\" srcset=\"https:\/\/poscielehotelowe.arturhunia.pl\/wp-content\/uploads\/2026\/03\/thumb_1756108179Po_ciel_hotelowa_ADAMASZEK_4-jpeg.webp 400w, https:\/\/poscielehotelowe.arturhunia.pl\/wp-content\/uploads\/2026\/03\/thumb_1756108179Po_ciel_hotelowa_ADAMASZEK_4-jpeg-18x12.webp 18w, https:\/\/poscielehotelowe.arturhunia.pl\/wp-content\/uploads\/2026\/03\/thumb_1756108179Po_ciel_hotelowa_ADAMASZEK_4-jpeg-150x100.webp 150w\" sizes=\"auto, (max-width: 400px) 100vw, 400px\" \/>\t\t\t\t\t\t\t\t\t\t\t\t\t\t\t<\/div>\n\t\t\t\t<\/div>\n\t\t\t\t\t<\/div>\n\t\t\t\t<\/div>\n\t\t\t\t<\/div>","protected":false},"excerpt":{"rendered":"<p>Wsp\u00f3\u0142praca B2B HomeStrona Od lat wsp\u00f3\u0142pracujemy z obiektami noclegowymi w ca\u0142ej Polsce. Od lat wsp\u00f3\u0142pracujemy z obiektami noclegowymi w ca\u0142ej<\/p>","protected":false},"author":1,"featured_media":0,"parent":0,"menu_order":0,"comment_status":"closed","ping_status":"closed","template":"","meta":{"footnotes":""},"class_list":["post-29052","page","type-page","status-publish","hentry"],"_links":{"self":[{"href":"https:\/\/poscielehotelowe.arturhunia.pl\/en\/wp-json\/wp\/v2\/pages\/29052","targetHints":{"allow":["GET"]}}],"collection":[{"href":"https:\/\/poscielehotelowe.arturhunia.pl\/en\/wp-json\/wp\/v2\/pages"}],"about":[{"href":"https:\/\/poscielehotelowe.arturhunia.pl\/en\/wp-json\/wp\/v2\/types\/page"}],"author":[{"embeddable":true,"href":"https:\/\/poscielehotelowe.arturhunia.pl\/en\/wp-json\/wp\/v2\/users\/1"}],"replies":[{"embeddable":true,"href":"https:\/\/poscielehotelowe.arturhunia.pl\/en\/wp-json\/wp\/v2\/comments?post=29052"}],"version-history":[{"count":48,"href":"https:\/\/poscielehotelowe.arturhunia.pl\/en\/wp-json\/wp\/v2\/pages\/29052\/revisions"}],"predecessor-version":[{"id":29763,"href":"https:\/\/poscielehotelowe.arturhunia.pl\/en\/wp-json\/wp\/v2\/pages\/29052\/revisions\/29763"}],"wp:attachment":[{"href":"https:\/\/poscielehotelowe.arturhunia.pl\/en\/wp-json\/wp\/v2\/media?parent=29052"}],"curies":[{"name":"wp","href":"https:\/\/api.w.org\/{rel}","templated":true}]}}