{"id":4400,"date":"2021-10-12T15:51:09","date_gmt":"2021-10-12T15:51:09","guid":{"rendered":"http:\/\/dummy.xtemos.com\/woodmart2\/elementor\/?page_id=4400"},"modified":"2026-03-04T19:47:16","modified_gmt":"2026-03-04T18:47:16","slug":"o-nas","status":"publish","type":"page","link":"https:\/\/poscielehotelowe.arturhunia.pl\/en\/o-nas\/","title":{"rendered":"O nas"},"content":{"rendered":"<div data-elementor-type=\"wp-page\" data-elementor-id=\"4400\" class=\"elementor elementor-4400\" data-elementor-settings=\"{&quot;ha_cmc_init_switcher&quot;:&quot;no&quot;}\">\n\t\t\t\t<div class=\"wd-negative-gap elementor-element elementor-element-368d2160 e-flex e-con-boxed e-con e-parent\" data-id=\"368d2160\" data-element_type=\"container\" data-e-type=\"container\" data-settings=\"{&quot;_ha_eqh_enable&quot;:false}\">\n\t\t\t\t\t<div class=\"e-con-inner\">\n\t\t\t\t<div class=\"elementor-element elementor-element-1d444ebd wd-page-title-el elementor-widget elementor-widget-wd_page_title\" data-id=\"1d444ebd\" data-element_type=\"widget\" data-e-type=\"widget\" data-widget_type=\"wd_page_title.default\">\n\t\t\t\t<div class=\"elementor-widget-container\">\n\t\t\t\t\t\t\t\t\t<div class=\"wd-page-title page-title  page-title-default title-size-default title-design-centered wd-section-stretch color-scheme-light\" style=\"\">\n\t\t\t\t\t<div class=\"wd-page-title-bg wd-fill\">\n\t\t\t\t\t\t<img loading=\"lazy\" decoding=\"async\" width=\"1600\" height=\"1063\" src=\"https:\/\/poscielehotelowe.arturhunia.pl\/wp-content\/uploads\/2026\/02\/coalcjei7py.jpg\" class=\"attachment-full size-full\" alt=\"\" srcset=\"https:\/\/poscielehotelowe.arturhunia.pl\/wp-content\/uploads\/2026\/02\/coalcjei7py.jpg 1600w, https:\/\/poscielehotelowe.arturhunia.pl\/wp-content\/uploads\/2026\/02\/coalcjei7py-400x266.jpg 400w, https:\/\/poscielehotelowe.arturhunia.pl\/wp-content\/uploads\/2026\/02\/coalcjei7py-1204x800.jpg 1204w, https:\/\/poscielehotelowe.arturhunia.pl\/wp-content\/uploads\/2026\/02\/coalcjei7py-768x510.jpg 768w, https:\/\/poscielehotelowe.arturhunia.pl\/wp-content\/uploads\/2026\/02\/coalcjei7py-1536x1020.jpg 1536w, https:\/\/poscielehotelowe.arturhunia.pl\/wp-content\/uploads\/2026\/02\/coalcjei7py-18x12.jpg 18w, https:\/\/poscielehotelowe.arturhunia.pl\/wp-content\/uploads\/2026\/02\/coalcjei7py-430x286.jpg 430w, https:\/\/poscielehotelowe.arturhunia.pl\/wp-content\/uploads\/2026\/02\/coalcjei7py-700x465.jpg 700w, https:\/\/poscielehotelowe.arturhunia.pl\/wp-content\/uploads\/2026\/02\/coalcjei7py-150x100.jpg 150w\" sizes=\"auto, (max-width: 1600px) 100vw, 1600px\" \/>\t\t\t\t\t<\/div>\n\t\t\t\t\t<div class=\"container\">\n\t\t\t\t\t\t\t\t\t\t\t\t\t\t\t\t\t\t\t\t\t<h1 class=\"entry-title title\">\n\t\t\t\t\t\t\t\t\tO nas\t\t\t\t\t\t\t\t<\/h1>\n\n\t\t\t\t\t\t\t\t\t\t\t\t\t\t\t\n\t\t\t\t\t\t\t\t\t\t\t\t\t\t\t<nav class=\"wd-breadcrumbs\"><a href=\"https:\/\/poscielehotelowe.arturhunia.pl\/en\/\">Home<\/a><span class=\"wd-delimiter\"><\/span><span class=\"wd-last\">Page<\/span><\/nav>\t\t\t\t\t\t\t\t\t\t\t\t\t\t\t\t\t\t<\/div>\n\t\t\t\t<\/div>\n\t\t\t\t\t\t\t<\/div>\n\t\t\t\t<\/div>\n\t\t\t\t\t<\/div>\n\t\t\t\t<\/div>\n\t\t<div class=\"wd-negative-gap elementor-element elementor-element-6d9867a4 e-flex e-con-boxed e-con e-parent\" data-id=\"6d9867a4\" data-element_type=\"container\" data-e-type=\"container\" data-settings=\"{&quot;_ha_eqh_enable&quot;:false}\">\n\t\t\t\t\t<div class=\"e-con-inner\">\n\t\t<div class=\"elementor-element elementor-element-6462c38f e-con-full e-flex e-con e-child\" data-id=\"6462c38f\" data-element_type=\"container\" data-e-type=\"container\" data-settings=\"{&quot;background_background&quot;:&quot;classic&quot;,&quot;_ha_eqh_enable&quot;:false}\">\n\t\t\t\t<div class=\"elementor-element elementor-element-3552fa24 wd-width-100 elementor-invisible elementor-widget elementor-widget-wd_title\" data-id=\"3552fa24\" data-element_type=\"widget\" data-e-type=\"widget\" data-settings=\"{&quot;_animation&quot;:&quot;fadeInDown&quot;}\" data-widget_type=\"wd_title.default\">\n\t\t\t\t<div class=\"elementor-widget-container\">\n\t\t\t\t\t\t\t<div class=\"title-wrapper wd-set-mb reset-last-child wd-title-color-black wd-title-style-default wd-title-size-default text-left\">\n\n\t\t\t\n\t\t\t<div class=\"liner-continer\">\n\t\t\t\t<h4 class=\"woodmart-title-container title wd-fontsize-l\">Po\u015bciel i tekstylia dla hoteli, pensjonat\u00f3w i najmu kr\u00f3tkoterminowego<br \/>\n<\/h4> \n\t\t\t\t\t\t\t<\/div>\n\n\t\t\t\t\t<\/div>\n\t\t\t\t\t\t<\/div>\n\t\t\t\t<\/div>\n\t\t\t\t<div class=\"elementor-element elementor-element-523f7f5e elementor-invisible elementor-widget elementor-widget-wd_text_block\" data-id=\"523f7f5e\" data-element_type=\"widget\" data-e-type=\"widget\" data-settings=\"{&quot;_animation&quot;:&quot;fadeIn&quot;}\" data-widget_type=\"wd_text_block.default\">\n\t\t\t\t<div class=\"elementor-widget-container\">\n\t\t\t\t\t\t\t<div class=\"wd-text-block reset-last-child text-left\">\n\t\t\t\n\t\t\t<p>Od lat zaopatrujemy hotele, pensjonaty, domy wypoczynkowe oraz najmy kr\u00f3tkoterminowe w produkty najwy\u017cszej jako\u015bci \u2013 trwa\u0142e, certyfikowane i dost\u0119pne bez po\u015brednik\u00f3w<\/p><p>Szukasz niezawodnego dostawcy tekstyli\u00f3w dla swojego obiektu noclegowego? <strong data-start=\"420\" data-end=\"439\">Jeste\u015bmy polskim producentem<\/strong> po\u015bcieli, prze\u015bcierade\u0142, ko\u0142der, poduszek, r\u0119cznik\u00f3w i podk\u0142ad\u00f3w wodoodpornych na materace.<\/p>\n\t\t\t\t\t<\/div>\n\t\t\t\t\t\t<\/div>\n\t\t\t\t<\/div>\n\t\t<div class=\"elementor-element elementor-element-38bcc740 e-con-full e-flex e-con e-child\" data-id=\"38bcc740\" data-element_type=\"container\" data-e-type=\"container\" data-settings=\"{&quot;_ha_eqh_enable&quot;:false}\">\n\t\t\t\t<div class=\"elementor-element elementor-element-7b9b7b7a elementor-invisible elementor-widget elementor-widget-wd_button\" data-id=\"7b9b7b7a\" data-element_type=\"widget\" data-e-type=\"widget\" data-settings=\"{&quot;_animation&quot;:&quot;fadeInUp&quot;}\" data-widget_type=\"wd_button.default\">\n\t\t\t\t<div class=\"elementor-widget-container\">\n\t\t\t\t\t\t\t<div class=\"wd-button-wrapper text-left\" >\n\t\t\t<a class=\"btn btn-style-default btn-shape-rectangle btn-size-default btn-color-primary btn-icon-pos-right\"  href=\"https:\/\/poscielehotelowe.arturhunia.pl\/en\/kontakt\/\">\n\t\t\t\t<span class=\"wd-btn-text\" data-elementor-setting-key=\"text\">\n\t\t\t\t\tKontakt\t\t\t\t<\/span>\n\n\t\t\t\t\t\t\t<\/a>\n\t\t<\/div>\n\t\t\t\t\t\t<\/div>\n\t\t\t\t<\/div>\n\t\t\t\t<\/div>\n\t\t\t\t<\/div>\n\t\t<div class=\"elementor-element elementor-element-57324b2b e-con-full e-flex e-con e-child\" data-id=\"57324b2b\" data-element_type=\"container\" data-e-type=\"container\" data-settings=\"{&quot;_ha_eqh_enable&quot;:false}\">\n\t\t\t\t<div class=\"elementor-element elementor-element-4e518750 elementor-invisible elementor-widget elementor-widget-image\" data-id=\"4e518750\" data-element_type=\"widget\" data-e-type=\"widget\" data-settings=\"{&quot;_animation&quot;:&quot;fadeIn&quot;}\" data-widget_type=\"image.default\">\n\t\t\t\t\t\t\t\t\t\t\t\t\t\t\t<img loading=\"lazy\" decoding=\"async\" width=\"1200\" height=\"800\" src=\"https:\/\/poscielehotelowe.arturhunia.pl\/wp-content\/uploads\/2026\/03\/ymohw3f1hdk-1200x800.jpg\" class=\"attachment-large size-large wp-image-29715\" alt=\"\" srcset=\"https:\/\/poscielehotelowe.arturhunia.pl\/wp-content\/uploads\/2026\/03\/ymohw3f1hdk-1200x800.jpg 1200w, https:\/\/poscielehotelowe.arturhunia.pl\/wp-content\/uploads\/2026\/03\/ymohw3f1hdk-400x267.jpg 400w, https:\/\/poscielehotelowe.arturhunia.pl\/wp-content\/uploads\/2026\/03\/ymohw3f1hdk-768x512.jpg 768w, https:\/\/poscielehotelowe.arturhunia.pl\/wp-content\/uploads\/2026\/03\/ymohw3f1hdk-1536x1024.jpg 1536w, https:\/\/poscielehotelowe.arturhunia.pl\/wp-content\/uploads\/2026\/03\/ymohw3f1hdk-18x12.jpg 18w, https:\/\/poscielehotelowe.arturhunia.pl\/wp-content\/uploads\/2026\/03\/ymohw3f1hdk-430x287.jpg 430w, https:\/\/poscielehotelowe.arturhunia.pl\/wp-content\/uploads\/2026\/03\/ymohw3f1hdk-700x467.jpg 700w, https:\/\/poscielehotelowe.arturhunia.pl\/wp-content\/uploads\/2026\/03\/ymohw3f1hdk-150x100.jpg 150w, https:\/\/poscielehotelowe.arturhunia.pl\/wp-content\/uploads\/2026\/03\/ymohw3f1hdk.jpg 1600w\" sizes=\"auto, (max-width: 1200px) 100vw, 1200px\" \/>\t\t\t\t\t\t\t\t\t\t\t\t\t\t\t<\/div>\n\t\t\t\t<\/div>\n\t\t\t\t\t<\/div>\n\t\t\t\t<\/div>\n\t\t<div class=\"wd-negative-gap elementor-element elementor-element-3c55b08 wd-section-stretch e-flex e-con-boxed e-con e-parent\" data-id=\"3c55b08\" data-element_type=\"container\" data-e-type=\"container\" data-settings=\"{&quot;background_background&quot;:&quot;classic&quot;,&quot;_ha_eqh_enable&quot;:false}\">\n\t\t\t\t\t<div class=\"e-con-inner\">\n\t\t<div class=\"elementor-element elementor-element-d1bd242 e-con-full e-flex e-con e-child\" data-id=\"d1bd242\" data-element_type=\"container\" data-e-type=\"container\" data-settings=\"{&quot;background_background&quot;:&quot;classic&quot;,&quot;_ha_eqh_enable&quot;:false}\">\n\t\t\t\t<div class=\"elementor-element elementor-element-f9b8851 wd-width-100 elementor-invisible elementor-widget elementor-widget-wd_title\" data-id=\"f9b8851\" data-element_type=\"widget\" data-e-type=\"widget\" data-settings=\"{&quot;_animation&quot;:&quot;fadeInDown&quot;}\" data-widget_type=\"wd_title.default\">\n\t\t\t\t<div class=\"elementor-widget-container\">\n\t\t\t\t\t\t\t<div class=\"title-wrapper wd-set-mb reset-last-child wd-title-color-black wd-title-style-default wd-title-size-default text-left\">\n\n\t\t\t\n\t\t\t<div class=\"liner-continer\">\n\t\t\t\t<h4 class=\"woodmart-title-container title wd-fontsize-l\">Dlaczego warto nam zaufa\u0107?<\/h4> \n\t\t\t\t\t\t\t<\/div>\n\n\t\t\t\t\t<\/div>\n\t\t\t\t\t\t<\/div>\n\t\t\t\t<\/div>\n\t\t\t\t<div class=\"elementor-element elementor-element-3010127 elementor-invisible elementor-widget elementor-widget-wd_text_block\" data-id=\"3010127\" data-element_type=\"widget\" data-e-type=\"widget\" data-settings=\"{&quot;_animation&quot;:&quot;fadeIn&quot;}\" data-widget_type=\"wd_text_block.default\">\n\t\t\t\t<div class=\"elementor-widget-container\">\n\t\t\t\t\t\t\t<div class=\"wd-text-block reset-last-child text-left\">\n\t\t\t\n\t\t\t<p>Produkujemy wi\u0119kszo\u015b\u0107 naszych wyrob\u00f3w w Polsce, co daje Ci pewno\u015b\u0107 jako\u015bci, szybkiej dostawy i braku ukrytych koszt\u00f3w importowych.<\/p><ul data-path-to-node=\"7\"><li><p data-path-to-node=\"7,1,0\"><b data-path-to-node=\"7,1,0\" data-index-in-node=\"0\">Certyfikowana jako\u015b\u0107:<\/b> Nasze tekstylia posiadaj\u0105 niezb\u0119dne certyfikaty jako\u015bci, spe\u0142niaj\u0105c wymagania bran\u017cy hotelarskiej i zapewniaj\u0105c go\u015bciom komfortowy pobyt.<\/p><\/li><li><p data-path-to-node=\"7,2,0\"><b data-path-to-node=\"7,2,0\" data-index-in-node=\"0\">Kompleksowa oferta:<\/b> Zaopatrzysz si\u0119 u nas w\u00a0<strong data-start=\"1255\" data-end=\"1357\">po\u015bciele, prze\u015bcierad\u0142a, r\u0119czniki hotelowe, ko\u0142dry, poduszki oraz podk\u0142ady wodoodporne na materace<\/strong>\u00a0\u2013 wszystko w jednym miejscu.<\/p><\/li><li><b data-path-to-node=\"11,0,0\" data-index-in-node=\"0\">Sta\u0142a wsp\u00f3\u0142praca B2B:<\/b> Z nami mo\u017cesz liczy\u0107 na\u00a0<strong data-start=\"1445\" data-end=\"1480\">indywidualne warunki wsp\u00f3\u0142pracy<\/strong>, atrakcyjne ceny i pe\u0142ne wsparcie w zaopatrzeniu Twojego obiektu.<\/li><\/ul>\n\t\t\t\t\t<\/div>\n\t\t\t\t\t\t<\/div>\n\t\t\t\t<\/div>\n\t\t<div class=\"elementor-element elementor-element-f768d17 e-con-full e-flex e-con e-child\" data-id=\"f768d17\" data-element_type=\"container\" data-e-type=\"container\" data-settings=\"{&quot;_ha_eqh_enable&quot;:false}\">\n\t\t\t\t<div class=\"elementor-element elementor-element-dcf3a3e elementor-invisible elementor-widget elementor-widget-wd_button\" data-id=\"dcf3a3e\" data-element_type=\"widget\" data-e-type=\"widget\" data-settings=\"{&quot;_animation&quot;:&quot;fadeInUp&quot;}\" data-widget_type=\"wd_button.default\">\n\t\t\t\t<div class=\"elementor-widget-container\">\n\t\t\t\t\t\t\t<div class=\"wd-button-wrapper text-left\" >\n\t\t\t<a class=\"btn btn-style-default btn-shape-rectangle btn-size-default btn-color-primary btn-icon-pos-right\"  href=\"https:\/\/poscielehotelowe.arturhunia.pl\/en\/wspolpraca-b2b\/\">\n\t\t\t\t<span class=\"wd-btn-text\" data-elementor-setting-key=\"text\">\n\t\t\t\t\tWsp\u00f3\u0142praca B2B\t\t\t\t<\/span>\n\n\t\t\t\t\t\t\t<\/a>\n\t\t<\/div>\n\t\t\t\t\t\t<\/div>\n\t\t\t\t<\/div>\n\t\t\t\t<div class=\"elementor-element elementor-element-40afaef elementor-invisible elementor-widget elementor-widget-wd_button\" data-id=\"40afaef\" data-element_type=\"widget\" data-e-type=\"widget\" data-settings=\"{&quot;_animation&quot;:&quot;fadeInUp&quot;}\" data-widget_type=\"wd_button.default\">\n\t\t\t\t<div class=\"elementor-widget-container\">\n\t\t\t\t\t\t\t<div class=\"wd-button-wrapper text-left\" >\n\t\t\t<a class=\"btn btn-style-default btn-shape-rectangle btn-size-default btn-color-white btn-icon-pos-right\"  href=\"https:\/\/poscielehotelowe.arturhunia.pl\/en\/sklep\/\">\n\t\t\t\t<span class=\"wd-btn-text\" data-elementor-setting-key=\"text\">\n\t\t\t\t\tSklep\t\t\t\t<\/span>\n\n\t\t\t\t\t\t\t<\/a>\n\t\t<\/div>\n\t\t\t\t\t\t<\/div>\n\t\t\t\t<\/div>\n\t\t\t\t<\/div>\n\t\t\t\t<\/div>\n\t\t<div class=\"elementor-element elementor-element-c283936 e-con-full e-flex e-con e-child\" data-id=\"c283936\" data-element_type=\"container\" data-e-type=\"container\" data-settings=\"{&quot;_ha_eqh_enable&quot;:false}\">\n\t\t\t\t<div class=\"elementor-element elementor-element-fb0d59b elementor-invisible elementor-widget elementor-widget-image\" data-id=\"fb0d59b\" data-element_type=\"widget\" data-e-type=\"widget\" data-settings=\"{&quot;_animation&quot;:&quot;fadeIn&quot;}\" data-widget_type=\"image.default\">\n\t\t\t\t\t\t\t\t\t\t\t\t\t\t\t<img loading=\"lazy\" decoding=\"async\" width=\"614\" height=\"768\" src=\"https:\/\/poscielehotelowe.arturhunia.pl\/wp-content\/uploads\/2026\/03\/thumb_xlarge_fd107879e9cbfe43fc8187c0f546a329-jpg.webp\" class=\"attachment-large size-large wp-image-29716\" alt=\"\" srcset=\"https:\/\/poscielehotelowe.arturhunia.pl\/wp-content\/uploads\/2026\/03\/thumb_xlarge_fd107879e9cbfe43fc8187c0f546a329-jpg.webp 614w, https:\/\/poscielehotelowe.arturhunia.pl\/wp-content\/uploads\/2026\/03\/thumb_xlarge_fd107879e9cbfe43fc8187c0f546a329-jpg-240x300.webp 240w, https:\/\/poscielehotelowe.arturhunia.pl\/wp-content\/uploads\/2026\/03\/thumb_xlarge_fd107879e9cbfe43fc8187c0f546a329-jpg-10x12.webp 10w, https:\/\/poscielehotelowe.arturhunia.pl\/wp-content\/uploads\/2026\/03\/thumb_xlarge_fd107879e9cbfe43fc8187c0f546a329-jpg-430x538.webp 430w, https:\/\/poscielehotelowe.arturhunia.pl\/wp-content\/uploads\/2026\/03\/thumb_xlarge_fd107879e9cbfe43fc8187c0f546a329-jpg-150x188.webp 150w\" sizes=\"auto, (max-width: 614px) 100vw, 614px\" \/>\t\t\t\t\t\t\t\t\t\t\t\t\t\t\t<\/div>\n\t\t\t\t<\/div>\n\t\t\t\t\t<\/div>\n\t\t\t\t<\/div>\n\t\t<div class=\"wd-negative-gap elementor-element elementor-element-0aaf669 wd-section-stretch e-flex e-con-boxed e-con e-parent\" data-id=\"0aaf669\" data-element_type=\"container\" data-e-type=\"container\" data-settings=\"{&quot;background_background&quot;:&quot;classic&quot;,&quot;_ha_eqh_enable&quot;:false}\">\n\t\t\t\t\t<div class=\"e-con-inner\">\n\t\t<div class=\"elementor-element elementor-element-49529c7 color-scheme-light e-con-full e-flex e-con e-child\" data-id=\"49529c7\" data-element_type=\"container\" data-e-type=\"container\" data-settings=\"{&quot;_ha_eqh_enable&quot;:false}\">\n\t\t\t\t<div class=\"elementor-element elementor-element-95c7bfa wd-width-100 elementor-widget elementor-widget-wd_title\" data-id=\"95c7bfa\" data-element_type=\"widget\" data-e-type=\"widget\" data-widget_type=\"wd_title.default\">\n\t\t\t\t<div class=\"elementor-widget-container\">\n\t\t\t\t\t\t\t<div class=\"title-wrapper wd-set-mb reset-last-child wd-title-color-primary wd-title-style-default wd-title-size-large text-left\">\n\n\t\t\t\t\t\t\t\t\t\t\t<div class=\"title-subtitle subtitle-color-primary subtitle-style-default wd-fontsize-xs\">\n\t\t\t\t\tPo\u015bciele Hotelowe\t\t\t\t<\/div>\n\t\t\t\n\t\t\t<div class=\"liner-continer\">\n\t\t\t\t<h4 class=\"woodmart-title-container title wd-fontsize-xxl\">Otrzymujesz od nas gwarancj\u0119 jako\u015bci i wsparcie fachowc\u00f3w.<\/h4> \n\t\t\t\t\t\t\t<\/div>\n\n\t\t\t\t\t<\/div>\n\t\t\t\t\t\t<\/div>\n\t\t\t\t<\/div>\n\t\t\t\t<div class=\"elementor-element elementor-element-d714b41 elementor-widget elementor-widget-wd_button\" data-id=\"d714b41\" data-element_type=\"widget\" data-e-type=\"widget\" data-widget_type=\"wd_button.default\">\n\t\t\t\t<div class=\"elementor-widget-container\">\n\t\t\t\t\t\t\t<div class=\"wd-button-wrapper text-left\" >\n\t\t\t<a class=\"btn btn-style-link btn-shape- btn-size-default btn-color-white btn-icon-pos-right\"  href=\"https:\/\/poscielehotelowe.arturhunia.pl\/en\/kontakt\/\">\n\t\t\t\t<span class=\"wd-btn-text\" data-elementor-setting-key=\"text\">\n\t\t\t\t\tSkontakutj si\u0119\t\t\t\t<\/span>\n\n\t\t\t\t\t\t\t<\/a>\n\t\t<\/div>\n\t\t\t\t\t\t<\/div>\n\t\t\t\t<\/div>\n\t\t\t\t<\/div>\n\t\t<div class=\"elementor-element elementor-element-112f98a e-con-full e-flex e-con e-child\" data-id=\"112f98a\" data-element_type=\"container\" data-e-type=\"container\" data-settings=\"{&quot;_ha_eqh_enable&quot;:false}\">\n\t\t<div class=\"elementor-element elementor-element-48c7dd1 e-con-full e-flex e-con e-child\" data-id=\"48c7dd1\" data-element_type=\"container\" data-e-type=\"container\" data-settings=\"{&quot;_ha_eqh_enable&quot;:false}\">\n\t\t<div class=\"elementor-element elementor-element-54eb2d3 e-con-full e-flex e-con e-child\" data-id=\"54eb2d3\" data-element_type=\"container\" data-e-type=\"container\" data-settings=\"{&quot;_ha_eqh_enable&quot;:false}\">\n\t\t\t\t<div class=\"elementor-element elementor-element-14ff076 elementor-widget elementor-widget-wd_counter\" data-id=\"14ff076\" data-element_type=\"widget\" data-e-type=\"widget\" data-widget_type=\"wd_counter.default\">\n\t\t\t\t<div class=\"elementor-widget-container\">\n\t\t\t\t\t\t\t<div class=\"woodmart-counter counter-large text-center color-scheme-light\">\n\t\t\t<div class=\"counter-value\" data-state=\"new\" data-final=\"1994\">\n\t\t\t\t0\t\t\t<\/div>\n\n\t\t\t\t\t\t\t<div class=\"counter-label\">\n\t\t\t\t\tRok za\u0142o\u017cenia\t\t\t\t<\/div>\n\t\t\t\t\t<\/div>\n\t\t\t\t\t\t<\/div>\n\t\t\t\t<\/div>\n\t\t\t\t<\/div>\n\t\t<div class=\"elementor-element elementor-element-668ca24 e-con-full e-flex e-con e-child\" data-id=\"668ca24\" data-element_type=\"container\" data-e-type=\"container\" data-settings=\"{&quot;_ha_eqh_enable&quot;:false}\">\n\t\t\t\t<div class=\"elementor-element elementor-element-da35035 elementor-widget elementor-widget-wd_counter\" data-id=\"da35035\" data-element_type=\"widget\" data-e-type=\"widget\" data-widget_type=\"wd_counter.default\">\n\t\t\t\t<div class=\"elementor-widget-container\">\n\t\t\t\t\t\t\t<div class=\"woodmart-counter counter-large text-center color-scheme-light\">\n\t\t\t<div class=\"counter-value\" data-state=\"new\" data-final=\"1400\">\n\t\t\t\t0\t\t\t<\/div>\n\n\t\t\t\t\t\t\t<div class=\"counter-label\">\n\t\t\t\t\tZadowolonych klient\u00f3w\t\t\t\t<\/div>\n\t\t\t\t\t<\/div>\n\t\t\t\t\t\t<\/div>\n\t\t\t\t<\/div>\n\t\t\t\t<\/div>\n\t\t\t\t<\/div>\n\t\t<div class=\"elementor-element elementor-element-2d29667 e-con-full e-flex e-con e-child\" data-id=\"2d29667\" data-element_type=\"container\" data-e-type=\"container\" data-settings=\"{&quot;_ha_eqh_enable&quot;:false}\">\n\t\t<div class=\"elementor-element elementor-element-9b12710 e-con-full e-flex e-con e-child\" data-id=\"9b12710\" data-element_type=\"container\" data-e-type=\"container\" data-settings=\"{&quot;_ha_eqh_enable&quot;:false}\">\n\t\t\t\t<div class=\"elementor-element elementor-element-f4d40e8 elementor-widget elementor-widget-wd_counter\" data-id=\"f4d40e8\" data-element_type=\"widget\" data-e-type=\"widget\" data-widget_type=\"wd_counter.default\">\n\t\t\t\t<div class=\"elementor-widget-container\">\n\t\t\t\t\t\t\t<div class=\"woodmart-counter counter-large text-center color-scheme-light\">\n\t\t\t<div class=\"counter-value\" data-state=\"new\" data-final=\"12\">\n\t\t\t\t0\t\t\t<\/div>\n\n\t\t\t\t\t\t\t<div class=\"counter-label\">\n\t\t\t\t\tCz\u0142onk\u00f3w zespo\u0142u\t\t\t\t<\/div>\n\t\t\t\t\t<\/div>\n\t\t\t\t\t\t<\/div>\n\t\t\t\t<\/div>\n\t\t\t\t<\/div>\n\t\t<div class=\"elementor-element elementor-element-cc152f4 e-con-full e-flex e-con e-child\" data-id=\"cc152f4\" data-element_type=\"container\" data-e-type=\"container\" data-settings=\"{&quot;_ha_eqh_enable&quot;:false}\">\n\t\t\t\t<div class=\"elementor-element elementor-element-d17999d elementor-widget elementor-widget-wd_counter\" data-id=\"d17999d\" data-element_type=\"widget\" data-e-type=\"widget\" data-widget_type=\"wd_counter.default\">\n\t\t\t\t<div class=\"elementor-widget-container\">\n\t\t\t\t\t\t\t<div class=\"woodmart-counter counter-large text-center color-scheme-light\">\n\t\t\t<div class=\"counter-value\" data-state=\"new\" data-final=\"200\">\n\t\t\t\t0\t\t\t<\/div>\n\n\t\t\t\t\t\t\t<div class=\"counter-label\">\n\t\t\t\t\tProdukt\u00f3w\t\t\t\t<\/div>\n\t\t\t\t\t<\/div>\n\t\t\t\t\t\t<\/div>\n\t\t\t\t<\/div>\n\t\t\t\t<\/div>\n\t\t\t\t<\/div>\n\t\t\t\t<\/div>\n\t\t\t\t\t<\/div>\n\t\t\t\t<\/div>\n\t\t\t\t<\/div>","protected":false},"excerpt":{"rendered":"<p>O nas HomeStrona Po\u015bciel i tekstylia dla hoteli, pensjonat\u00f3w i najmu kr\u00f3tkoterminowego Od lat zaopatrujemy hotele, pensjonaty, domy wypoczynkowe oraz<\/p>","protected":false},"author":1,"featured_media":0,"parent":0,"menu_order":0,"comment_status":"closed","ping_status":"closed","template":"","meta":{"footnotes":""},"class_list":["post-4400","page","type-page","status-publish","hentry"],"_links":{"self":[{"href":"https:\/\/poscielehotelowe.arturhunia.pl\/en\/wp-json\/wp\/v2\/pages\/4400","targetHints":{"allow":["GET"]}}],"collection":[{"href":"https:\/\/poscielehotelowe.arturhunia.pl\/en\/wp-json\/wp\/v2\/pages"}],"about":[{"href":"https:\/\/poscielehotelowe.arturhunia.pl\/en\/wp-json\/wp\/v2\/types\/page"}],"author":[{"embeddable":true,"href":"https:\/\/poscielehotelowe.arturhunia.pl\/en\/wp-json\/wp\/v2\/users\/1"}],"replies":[{"embeddable":true,"href":"https:\/\/poscielehotelowe.arturhunia.pl\/en\/wp-json\/wp\/v2\/comments?post=4400"}],"version-history":[{"count":34,"href":"https:\/\/poscielehotelowe.arturhunia.pl\/en\/wp-json\/wp\/v2\/pages\/4400\/revisions"}],"predecessor-version":[{"id":29770,"href":"https:\/\/poscielehotelowe.arturhunia.pl\/en\/wp-json\/wp\/v2\/pages\/4400\/revisions\/29770"}],"wp:attachment":[{"href":"https:\/\/poscielehotelowe.arturhunia.pl\/en\/wp-json\/wp\/v2\/media?parent=4400"}],"curies":[{"name":"wp","href":"https:\/\/api.w.org\/{rel}","templated":true}]}}